{"id":9,"date":"2015-01-20T00:40:10","date_gmt":"2015-01-20T00:40:10","guid":{"rendered":"http:\/\/pexetothemes.com\/demos\/story_demos\/business\/?page_id=9"},"modified":"2018-05-25T18:43:44","modified_gmt":"2018-05-25T18:43:44","slug":"services","status":"publish","type":"page","link":"https:\/\/grupomasbtl.com.mx\/grupojoseli\/services\/","title":{"rendered":"Empresa"},"content":{"rendered":"<div class=\"services-wrapper services-icon cols-wrapper cols-4 pexeto-parallax\"><div class=\"services-box col\"><a href=\"#\"><div class=\"img-container\"><img src=\"http:\/\/grupomasbtl.com.mx\/grupojoseli\/wp-content\/uploads\/sites\/11\/2015\/01\/185082-man-people-streamline-user-copy-130x130.png\" alt=\"Profesionalismo \"\/><\/div><\/a><div class=\"services-content\"><div class=\"sc-wraper\"><h3><a href=\"#\">Profesionalismo <\/a><\/h3><p>Tenemos una filofosia de calidad tanto en nuestros proceso asi como el servicio, atenci\u00f3n y seriedad con la que tratamos con nuestros clientes.<\/p><\/div><\/div><\/div><div class=\"services-box col\"><a href=\"#\"><div class=\"img-container\"><img src=\"http:\/\/grupomasbtl.com.mx\/grupojoseli\/wp-content\/uploads\/sites\/11\/2015\/01\/185039-earth-globe-streamline-copy-130x130.png\" alt=\"Globales \"\/><\/div><\/a><div class=\"services-content\"><div class=\"sc-wraper\"><h3><a href=\"#\">Globales <\/a><\/h3><p> Entendemos del mercado y las necesidades mundiales. Somos una empresa con presencia en Mexico, Estados Unidos y clientes en 12 Pa\u00edses. <\/p><\/div><\/div><\/div><div class=\"services-box col\"><a href=\"#\"><div class=\"img-container\"><img src=\"http:\/\/grupomasbtl.com.mx\/grupojoseli\/wp-content\/uploads\/sites\/11\/2015\/01\/185074-notebook-streamline-copy-130x130.png\" alt=\"Mejora Continua\"\/><\/div><\/a><div class=\"services-content\"><div class=\"sc-wraper\"><h3><a href=\"#\">Mejora Continua<\/a><\/h3><p>Trabajamos todos los dias para mejorar los procesos de producci\u00f3n, industriales, capital humano y servicio a clientes para ser mejores. <\/p><\/div><\/div><\/div><div class=\"services-box col nomargin\"><div class=\"img-container\"><img src=\"http:\/\/grupomasbtl.com.mx\/grupojoseli\/wp-content\/uploads\/sites\/11\/2015\/01\/185027-computer-network-streamline-copy-130x130.png\" alt=\"Tecnologia \"\/><\/div><div class=\"services-content\"><div class=\"sc-wraper\"><h3>Tecnologia <\/h3><p>Tenemos un legado de innovaci\u00f3n, liderazgo y acci\u00f3n en sostenibilidad. A medida que miramos hacia adelante, estamos comprometidos a ir m\u00e1s all\u00e1 de nuestras capacidades.<\/p><\/div><\/div><\/div><div class=\"clear\"><\/div><\/div>\n<div class=\"services-wrapper services-fullbox cols-wrapper cols-4\" style=\"background-color:#d80000;color:#ffffff;\"><div class=\"services-box col\"><a href=\"#\"><div class=\"img-container\"><img src=\"http:\/\/grupomasbtl.com.mx\/grupojoseli\/wp-content\/uploads\/sites\/11\/2018\/05\/Captura-de-pantalla-2018-02-26-a-las-11.45.50-1024x667-468x312.png\" alt=\"Maquiladoras\"\/><\/div><\/a><div class=\"services-content\"><div class=\"sc-wraper\"><h3><a href=\"#\">Maquiladoras<\/a><\/h3><\/div><\/div><\/div><div class=\"services-box col\"><a href=\"#\"><div class=\"img-container\"><img src=\"http:\/\/grupomasbtl.com.mx\/grupojoseli\/wp-content\/uploads\/sites\/11\/2018\/05\/9b63c8c6-8ec8-495d-a33a-a63cc115fbd3-468x312.jpg\" alt=\"Huertas de Aguacate\"\/><\/div><\/a><div class=\"services-content\"><div class=\"sc-wraper\"><h3><a href=\"#\">Huertas de Aguacate<\/a><\/h3><\/div><\/div><\/div><div class=\"services-box col\"><a href=\"#\"><div class=\"img-container\"><img src=\"http:\/\/grupomasbtl.com.mx\/grupojoseli\/wp-content\/uploads\/sites\/11\/2018\/07\/PHOTO-2018-05-30-15-45-37-468x312.jpg\" alt=\"Producci\u00f3n de Mango \"\/><\/div><\/a><div class=\"services-content\"><div class=\"sc-wraper\"><h3><a href=\"#\">Producci\u00f3n de Mango <\/a><\/h3><\/div><\/div><\/div><div class=\"services-box col nomargin\"><a href=\"#\"><div class=\"img-container\"><img src=\"http:\/\/grupomasbtl.com.mx\/grupojoseli\/wp-content\/uploads\/sites\/11\/2018\/05\/f9458865-56fb-4a0c-96bc-b6eb64b93008-468x312.jpg\" alt=\"Hortalizas \"\/><\/div><\/a><div class=\"services-content\"><div class=\"sc-wraper\"><h3><a href=\"#\">Hortalizas <\/a><\/h3><\/div><\/div><\/div><div class=\"clear\"><\/div><\/div>\n<div class=\"section-full-width section-light2\" style=\"background-color:#fcfcfc;\" id=\"coberturatotal\"><div class=\"section-boxed\" style=\"color:#777777;\"><h2 class=\"section-title\" style=\"color:#252525;\">Cobertura Total <\/h2><h4 style=\"color:#252525;\" class=\"sub-title\">Nuestro grupo de empresa en red <\/h4><\/p>\n<h5 style=\"text-align: center\">A trav\u00e9s de negocios diversos pero enfocados, Grupo Joseli \u00a0ofrece productos y soluciones innovadoras para los mercados de aguacate y hortalizas tanto en la producci\u00f3n como en la comercializaci\u00f3n y log\u00edsticas para \u00a0 todo el mundo.<\/h5>\n<div class=\"services-wrapper services-boxed-photo cols-wrapper cols-4\"><div class=\"services-box col\"><a href=\"http:\/\/grupomasbtl.com.mx\/grupojoseli\/agricola-joseli\/\"><div class=\"img-container\"><img src=\"http:\/\/grupomasbtl.com.mx\/grupojoseli\/wp-content\/uploads\/sites\/11\/2018\/06\/06_.jpg\" alt=\"Agricola Joseli \"\/><\/div><\/a><div class=\"services-content\"><div class=\"sc-wraper\"><h3><a href=\"http:\/\/grupomasbtl.com.mx\/grupojoseli\/agricola-joseli\/\">Agricola Joseli <\/a><\/h3><p>Enfocados a la producci\u00f3n, empaque y comercializaci\u00f3n de hortalizas como tomate, chile y pepino con sede en el norte del pa\u00eds.<\/p><\/div><\/div><\/div><div class=\"services-box col\"><a href=\"http:\/\/grupomasbtl.com.mx\/grupojoseli\/fruticola-vedsa\/\"><div class=\"img-container\"><img src=\"http:\/\/grupomasbtl.com.mx\/grupojoseli\/wp-content\/uploads\/sites\/11\/2018\/06\/01_.jpg\" alt=\"Fruticola VEDSA\"\/><\/div><\/a><div class=\"services-content\"><div class=\"sc-wraper\"><h3><a href=\"http:\/\/grupomasbtl.com.mx\/grupojoseli\/fruticola-vedsa\/\">Fruticola VEDSA<\/a><\/h3><p>Maquiladora ubicada en Sinaloa en la que se empacan distintas hortalizas de temporada y mangos.  <\/p><\/div><\/div><\/div><div class=\"services-box col\"><a href=\"http:\/\/jyeproduce.com\/\"><div class=\"img-container\"><img src=\"http:\/\/grupomasbtl.com.mx\/grupojoseli\/wp-content\/uploads\/sites\/11\/2018\/06\/03_.jpg\" alt=\"J&amp;E Produce Mexico\"\/><\/div><\/a><div class=\"services-content\"><div class=\"sc-wraper\"><h3><a href=\"http:\/\/jyeproduce.com\/\">J&E Produce Mexico<\/a><\/h3><p>Comercializadora de aguacate para los mercados nacionales e internacionales.<\/p><\/div><\/div><\/div><div class=\"services-box col nomargin\"><a href=\"http:\/\/grupomasbtl.com.mx\/grupojoseli\/transportes\/\"><div class=\"img-container\"><img src=\"http:\/\/grupomasbtl.com.mx\/grupojoseli\/wp-content\/uploads\/sites\/11\/2018\/06\/logo2-.jpg\" alt=\"Transportes Joseli\"\/><\/div><\/a><div class=\"services-content\"><div class=\"sc-wraper\"><h3><a href=\"http:\/\/grupomasbtl.com.mx\/grupojoseli\/transportes\/\">Transportes Joseli<\/a><\/h3><p>Empresa dedicada al trasporte de carga en contenedores normales y termos fr\u00edos con cobertura nacional y  frontera as\u00ed como el acarreo de fruta en el estado de Mich. <\/p><\/div><\/div><\/div><div class=\"services-box col\"><div class=\"img-container\"><img src=\"http:\/\/grupomasbtl.com.mx\/grupojoseli\/wp-content\/uploads\/sites\/11\/2018\/06\/05_.jpg\" alt=\"Huertas Hermanos Torres\"\/><\/div><div class=\"services-content\"><div class=\"sc-wraper\"><h3>Huertas Hermanos Torres<\/h3><p>Es nuestra divisi\u00f3n que se encarga del cuidado y producci\u00f3n de las huertas de aguacate en Michoacan. <\/p><\/div><\/div><\/div><div class=\"services-box col\"><a href=\"http:\/\/grupomasbtl.com.mx\/grupojoseli\/joseli-produce\/\"><div class=\"img-container\"><img src=\"http:\/\/grupomasbtl.com.mx\/grupojoseli\/wp-content\/uploads\/sites\/11\/2018\/06\/04_.jpg\" alt=\"Joseli Produce USA\"\/><\/div><\/a><div class=\"services-content\"><div class=\"sc-wraper\"><h3><a href=\"http:\/\/grupomasbtl.com.mx\/grupojoseli\/joseli-produce\/\">Joseli Produce USA<\/a><\/h3><p>Empresa constituida en Estados Unidos enfocada a la comercializaci\u00f3n de productos como el Aguacate, Mango y Hortalizas. <\/p><\/div><\/div><\/div><div class=\"services-box col\"><div class=\"img-container\"><img src=\"http:\/\/grupomasbtl.com.mx\/grupojoseli\/wp-content\/uploads\/sites\/11\/2018\/06\/logo1-.jpg\" alt=\"Productos del campo san Andres\"\/><\/div><div class=\"services-content\"><div class=\"sc-wraper\"><h3>Productos del campo san Andres<\/h3><p>Ubicados en la ciudad de Monterrey, esta empresa se enfoca a la comercializaci\u00f3n y distribuci\u00f3n de aguacate en la zona norte del pais. <\/p><\/div><\/div><\/div><div class=\"services-box col nomargin\"><div class=\"img-container\"><img src=\"http:\/\/grupomasbtl.com.mx\/grupojoseli\/wp-content\/uploads\/sites\/11\/2018\/07\/Jos1.jpg\" alt=\"Joseli Produce Mexico \"\/><\/div><div class=\"services-content\"><div class=\"sc-wraper\"><h3>Joseli Produce Mexico <\/h3><p>Distribuidora Nacional de todos nuestros productos en el mercado domestico, enfocada a la comercializaci\u00f3n de productos como el Aguacate, Mango y Hortalizas. <\/p><\/div><\/div><\/div><div class=\"clear\"><\/div><\/div>\n<p>\n<\/div><\/div>\n<div class=\"services-wrapper services-fullbox cols-wrapper cols-2\" style=\"background-color:#1A3954;color:#ffffff;\"><div class=\"services-box col services-no-image\"><div class=\"services-content\"><div class=\"sc-wraper\"><h3>Nuestro Enfoque <\/h3><p>En todo lo que hacemos, nos enfocamos en mejorar la actividad de nuestros productos y servicios  a trav\u00e9s del profesionalismo, la seguridad y la productividad. A trav\u00e9s de cada uno de los negocios de Grupo Joseli, nuestro enfoque es desarrollar conexiones profundas con nuestros socios clave. Estas interacciones generan alianzas  que utilizamos para mejorar nuestras ofertas y rendimiento. Ese desempe\u00f1o es impulsa nuestro enfoque hacia las operaciones de producci\u00f3n  y la gesti\u00f3n de productos y clientes entendiendo el valor a los ojos del cliente, creando el flujo de valor y mejorando continuamente.  <\/p><\/div><\/div><\/div><div class=\"services-box col nomargin services-no-image\"><div class=\"services-content\"><div class=\"sc-wraper\"><h3>Joseli se proyecta <\/h3><p>Desde la d\u00e9cada de 1970, el negocio agr\u00edcola de Grupo Joseli ha estado descubriendo, desarrollando y brindando soluciones sostenibles al mercado para el mundo en crecimiento.Como un grupo de ocho compa\u00f1\u00edas distintas, cada empresa est\u00e1 lista para beneficiarse de la experiencia y el acceso de los dem\u00e1s en los mercados de todo el mundo. A medida que expandimos y servimos a\u00fan m\u00e1s a nuestros clientes de clase mundial, guiamos nuestro trabajo con enfoques en la generaci\u00f3n denuedos negocios, la optimizaci\u00f3n del uso de recursos y la simplificaci\u00f3n de procesos. <\/p><\/div><\/div><\/div><div class=\"clear\"><\/div><\/div>\n","protected":false},"excerpt":{"rendered":"","protected":false},"author":2,"featured_media":0,"parent":0,"menu_order":0,"comment_status":"open","ping_status":"open","template":"template-full-custom.php","meta":[],"_links":{"self":[{"href":"https:\/\/grupomasbtl.com.mx\/grupojoseli\/wp-json\/wp\/v2\/pages\/9"}],"collection":[{"href":"https:\/\/grupomasbtl.com.mx\/grupojoseli\/wp-json\/wp\/v2\/pages"}],"about":[{"href":"https:\/\/grupomasbtl.com.mx\/grupojoseli\/wp-json\/wp\/v2\/types\/page"}],"author":[{"embeddable":true,"href":"https:\/\/grupomasbtl.com.mx\/grupojoseli\/wp-json\/wp\/v2\/users\/2"}],"replies":[{"embeddable":true,"href":"https:\/\/grupomasbtl.com.mx\/grupojoseli\/wp-json\/wp\/v2\/comments?post=9"}],"version-history":[{"count":13,"href":"https:\/\/grupomasbtl.com.mx\/grupojoseli\/wp-json\/wp\/v2\/pages\/9\/revisions"}],"predecessor-version":[{"id":2550,"href":"https:\/\/grupomasbtl.com.mx\/grupojoseli\/wp-json\/wp\/v2\/pages\/9\/revisions\/2550"}],"wp:attachment":[{"href":"https:\/\/grupomasbtl.com.mx\/grupojoseli\/wp-json\/wp\/v2\/media?parent=9"}],"curies":[{"name":"wp","href":"https:\/\/api.w.org\/{rel}","templated":true}]}}