{"id":183,"date":"2015-01-20T00:39:24","date_gmt":"2015-01-20T00:39:24","guid":{"rendered":"http:\/\/pexetothemes.com\/demos\/story_demos\/business\/?page_id=5"},"modified":"2018-09-12T14:58:04","modified_gmt":"2018-09-12T14:58:04","slug":"home","status":"publish","type":"page","link":"http:\/\/grupomasbtl.com.mx\/nextcicle\/","title":{"rendered":"Home"},"content":{"rendered":"<div class=\"section-full-width section-light2\" style=\"background-color:#EDF5F7;\" id=\"tenemosungrancampodeaplicaci\u00f3n\"><div class=\"section-boxed\" style=\"color:#777777;\"><h2 class=\"section-title\" style=\"color:#000000;\">Tenemos un gran campo de aplicaci\u00f3n.<\/h2><\/p>\n<h5 style=\"text-align: center\">El uso de materiales reciclados nos permite entrar a un sin numero de industrias y aplicaciones de proyectos que buscan una reducci\u00f3n del impacto ambiental y que se basan en una solicita sustentable con el medio ambiente.<\/h5>\n<div class=\"services-wrapper services-fullbox cols-wrapper cols-4\" style=\"background-color:#252525;color:#ffffff;\"><div class=\"services-box col\"><div class=\"img-container\"><img src=\"http:\/\/grupomasbtl.com.mx\/nextcicle\/wp-content\/uploads\/sites\/37\/2018\/08\/33-468x312.jpg\" alt=\"\"\/><\/div><div class=\"services-content\"><div class=\"sc-wraper\"><p>Empresas comprometidas con el medio ambiente. <\/p><\/div><\/div><\/div><div class=\"services-box col\"><div class=\"img-container\"><img src=\"http:\/\/grupomasbtl.com.mx\/nextcicle\/wp-content\/uploads\/sites\/37\/2018\/08\/44_ONEWAY-468x312.jpg\" alt=\"\"\/><\/div><div class=\"services-content\"><div class=\"sc-wraper\"><p>Empresas con esquemas de logistica \"one-way\"<\/p><\/div><\/div><\/div><div class=\"services-box col\"><div class=\"img-container\"><img src=\"http:\/\/grupomasbtl.com.mx\/nextcicle\/wp-content\/uploads\/sites\/37\/2018\/08\/22-468x312.jpg\" alt=\"\"\/><\/div><div class=\"services-content\"><div class=\"sc-wraper\"><p>Empresas que busquen ahorros de combustible al transportar mas ligeros. <\/p><\/div><\/div><\/div><div class=\"services-box col nomargin\"><a href=\"#\"><div class=\"img-container\"><img src=\"http:\/\/grupomasbtl.com.mx\/nextcicle\/wp-content\/uploads\/sites\/37\/2018\/08\/11-468x312.jpg\" alt=\"\"\/><\/div><\/a><div class=\"services-content\"><div class=\"sc-wraper\"><p>Empresas que busquen comprar tarimas de calidad a los costos mas bajos del mercado. <\/p><\/div><\/div><\/div><div class=\"clear\"><\/div><\/div>\n<p>&nbsp;<\/p>\n<div class=\"services-wrapper services-fullbox cols-wrapper cols-4\" style=\"background-color:#304151;color:#ffffff;\"><div class=\"services-box col services-no-image\"><div class=\"services-content\"><div class=\"sc-wraper\"><h3>Industrias que servimos: <\/h3><p>Algunas de las principales industrias en las que aplicamos nuestros productos por sus altos vol\u00famenes de uso de cart\u00f3n y tarimas  son : Industrias de bebidas alcoh\u00f3licas, calzado y del vestido\r\nNon-wovens, productos de baja densidad.<\/p><\/div><\/div><\/div><div class=\"services-box col services-no-content\"><div class=\"img-container\"><img src=\"http:\/\/grupomasbtl.com.mx\/nextcicle\/wp-content\/uploads\/sites\/37\/2018\/08\/caja_botellas-468x312.jpg\" alt=\"\"\/><\/div><div class=\"services-content\"><div class=\"sc-wraper\"><\/div><\/div><\/div><div class=\"services-box col services-no-content\"><div class=\"img-container\"><img src=\"http:\/\/grupomasbtl.com.mx\/nextcicle\/wp-content\/uploads\/sites\/37\/2018\/08\/nonwoven_produ-468x312.jpg\" alt=\"\"\/><\/div><div class=\"services-content\"><div class=\"sc-wraper\"><\/div><\/div><\/div><div class=\"services-box col nomargin services-no-content\"><div class=\"img-container\"><img src=\"http:\/\/grupomasbtl.com.mx\/nextcicle\/wp-content\/uploads\/sites\/37\/2018\/08\/caja_zapatos-468x312.jpg\" alt=\"\"\/><\/div><div class=\"services-content\"><div class=\"sc-wraper\"><\/div><\/div><\/div><div class=\"clear\"><\/div><\/div>\n<div class=\"services-wrapper services-fullbox cols-wrapper cols-4\" style=\"background-color:#b52906;color:#ffffff;\"><div class=\"services-box col services-no-image\"><div class=\"services-content\"><div class=\"sc-wraper\"><h3>Industrias a las que no podemos servir. <\/h3><p>Si bien nuestro campo de aplicaci\u00f3n es muy alto, hay ciertas industrias que por sus procedimientos, protocolos de inocuidad y tratamiento de almacenamiento las tarimas de NextCycle no tienen aplicaci\u00f3n. A continuaci\u00f3n enumeramos algunos ejemplos de ellas. <\/p><\/div><\/div><\/div><div class=\"services-box col\"><a href=\"#\"><div class=\"img-container\"><img src=\"http:\/\/grupomasbtl.com.mx\/nextcicle\/wp-content\/uploads\/sites\/37\/2018\/08\/2-468x312.jpg\" alt=\"No adecuado para ambientes humedos \"\/><\/div><\/a><div class=\"services-content\"><div class=\"sc-wraper\"><h3><a href=\"#\">No adecuado para ambientes humedos <\/a><\/h3><p>Cualquier ambiente en donde se aplique alg\u00fan proceso de refrigeramiento del producto o almacenaje en lugares h\u00famedos as\u00ed como trasporte en fr\u00edo no es recomendado para nuestros productos. <\/p><\/div><\/div><\/div><div class=\"services-box col\"><a href=\"#\"><div class=\"img-container\"><img src=\"http:\/\/grupomasbtl.com.mx\/nextcicle\/wp-content\/uploads\/sites\/37\/2018\/08\/1-468x312.jpg\" alt=\"Alto volumen de estibaje \"\/><\/div><\/a><div class=\"services-content\"><div class=\"sc-wraper\"><h3><a href=\"#\">Alto volumen de estibaje <\/a><\/h3><p>No recomendado cuando se hacen operaciones de estibaje sobre rocks de 2 o 4 apoyos, ademas no adecuada para golpearse con las puntas de las horquillas del montacargas. <\/p><\/div><\/div><\/div><div class=\"services-box col nomargin\"><a href=\"#\"><div class=\"img-container\"><img src=\"http:\/\/grupomasbtl.com.mx\/nextcicle\/wp-content\/uploads\/sites\/37\/2018\/08\/4-468x312.jpg\" alt=\"Ambientes de inocuidad. \"\/><\/div><\/a><div class=\"services-content\"><div class=\"sc-wraper\"><h3><a href=\"#\">Ambientes de inocuidad. <\/a><\/h3><p>No recomendado su uso cuando el producto que se esta almacenado pasas por controles de inocuidad como en algunas industrias agroalimenticias. <\/p><\/div><\/div><\/div><div class=\"clear\"><\/div><\/div>\n<p>\n<\/div><\/div>\n<div class=\"section-full-width section-light\" style=\"background-color:#ffffff;\" id=\"section-1\"><div class=\"section-boxed\" style=\"color:#777777;\"><h4 style=\"color:#252525;\" class=\"sub-title\">Testimonios de nuestros clientes<\/h4><div class=\"testimonial-slider\" data-autoplay=\"true\"><div class=\"testimonial-container no-image\"><div class=\"testimonial-wrapper\"><div class=\"testimonial-info\"><div class=\"testimonials-details\"><h2>Fernando Ochoa <\/h2><span><\/span><\/div><\/div><blockquote><p>Me gusta trabajar en esta empresa por que ayudamos a reducir el impacto ambiental de materias primas de un uso muy grande de productos como son las tarimas. <\/p><\/blockquote><\/div><\/div><div class=\"testimonial-container no-image\"><div class=\"testimonial-wrapper\"><div class=\"testimonial-info\"><div class=\"testimonials-details\"><h2>Empresario <\/h2><span><\/span><\/div><\/div><blockquote><p>En nuestra empresa buscamos ser socialmente responsables con el medio ambiente, por eso desde que conocimos a Nextcycle el 100 % de las tarimas que utilizamos en nuestra planta se las compramos a ellos, no solo apoyamos al medio ambiente sino que tambi\u00e9n bajamos nuestros costos de producci\u00f3n. <\/p><\/blockquote><\/div><\/div><div class=\"testimonial-container no-image\"><div class=\"testimonial-wrapper\"><div class=\"testimonial-info\"><div class=\"testimonials-details\"><h2>Lisa Arce<\/h2><span><\/span><\/div><\/div><blockquote><p>Sin duda una excelente empresa, con un producto de calidad y sobre todo un producto que no contamina y genera un impacto negativo sobre nuestro medio ambiente al ser producido mediante materiales que ya tuvieron un uso previo. <\/p><\/blockquote><\/div><\/div><\/div>\n<\/div><\/div>\n<div class=\"section-full-width section-light\" style=\"background-color:#f7f7f7;\" id=\"section-2\"><div style=\"background-image:url(http:\/\/grupomasbtl.com.mx\/nextcicle\/wp-content\/uploads\/sites\/37\/2018\/08\/grafica.jpg); opacity:1; filter: alpha(opacity=100);\" class=\"full-bg-image\" ><\/div><div class=\"section-boxed\" style=\"color:#777777;\"><\/p>\n<div class=\"cols-wrapper cols-2\">\n<div class=\"col\">\n<table width=\"93\">\n<tbody>\n<tr>\n<td width=\"93\"><strong><span style=\"color: #000000\">COMPARACI\u00d3N DEL IMPACTO AMBIENTAL AL FABRICAR 1 TONELADA DE CAJAS DE CART\u00d3N<\/span><\/strong><\/td>\n<\/tr>\n<\/tbody>\n<\/table>\n<p><span style=\"color: #000000\">El uso de fibras virgenes para la elaboraci\u00f3n de tarimas puede llegar a traducirse en el uso de hasta 17 arboles.<\/span><\/p>\n<ul class=\"bullet_arrow4 imglist\">\n<li><span style=\"color: #000000\">Cuando se reciclan las tarimas se requiere de cerca de 224 m3 de agua para la producci\u00f3n de una sola tarima, es casi lo mismo que se requiere para la producci\u00f3n de una nueva con materia virgen.<\/span><\/li>\n<li><span style=\"color: #000000\">El proceso que implementa NextCycle no deja un impacto directo en agua, uso de arboles ni energ\u00eda. es solo una huella mina de CO2.<\/span><\/li>\n<\/ul>\n<p>&nbsp;<\/p>\n<p><a class=\"button\" href=\"#\">Leer mas\u00a0<\/a><\/p>\n<\/div>\n<div class=\"col nomargin\"><\/div>\n<\/div>\n<p>\n<\/div><\/div>\n","protected":false},"excerpt":{"rendered":"","protected":false},"author":2,"featured_media":0,"parent":0,"menu_order":0,"comment_status":"open","ping_status":"open","template":"template-full-custom.php","meta":[],"_links":{"self":[{"href":"http:\/\/grupomasbtl.com.mx\/nextcicle\/wp-json\/wp\/v2\/pages\/183"}],"collection":[{"href":"http:\/\/grupomasbtl.com.mx\/nextcicle\/wp-json\/wp\/v2\/pages"}],"about":[{"href":"http:\/\/grupomasbtl.com.mx\/nextcicle\/wp-json\/wp\/v2\/types\/page"}],"author":[{"embeddable":true,"href":"http:\/\/grupomasbtl.com.mx\/nextcicle\/wp-json\/wp\/v2\/users\/2"}],"replies":[{"embeddable":true,"href":"http:\/\/grupomasbtl.com.mx\/nextcicle\/wp-json\/wp\/v2\/comments?post=183"}],"version-history":[{"count":25,"href":"http:\/\/grupomasbtl.com.mx\/nextcicle\/wp-json\/wp\/v2\/pages\/183\/revisions"}],"predecessor-version":[{"id":362,"href":"http:\/\/grupomasbtl.com.mx\/nextcicle\/wp-json\/wp\/v2\/pages\/183\/revisions\/362"}],"wp:attachment":[{"href":"http:\/\/grupomasbtl.com.mx\/nextcicle\/wp-json\/wp\/v2\/media?parent=183"}],"curies":[{"name":"wp","href":"https:\/\/api.w.org\/{rel}","templated":true}]}}