{"id":5,"date":"2015-01-20T00:39:24","date_gmt":"2015-01-20T00:39:24","guid":{"rendered":"http:\/\/pexetothemes.com\/demos\/story_demos\/business\/?page_id=5"},"modified":"2018-05-25T18:44:57","modified_gmt":"2018-05-25T18:44:57","slug":"home","status":"publish","type":"page","link":"http:\/\/grupomasbtl.com.mx\/grupojoseli\/home\/","title":{"rendered":"Acerca"},"content":{"rendered":"<div class=\"section-full-width section-light2\" style=\"background-color:#f7f7f7;\" id=\"somosunaempresaintegral\"><div class=\"section-boxed\" style=\"color:#777777;\"><h2 class=\"section-title\" style=\"color:#252525;\">Somos una empresa integral.<\/h2><\/p>\n<h5 style=\"text-align: center\">Integramos todo el proceso de producci\u00f3n de nuestros productos desde la siembra y el cultivo en nuestras tierras hasta la comercializaci\u00f3n de nuestros productos en los mercados nacionales e internacionales.<\/h5>\n<div class=\"services-wrapper services-icon cols-wrapper cols-3 pexeto-parallax\"><div class=\"services-box col\"><div class=\"img-container\"><img src=\"http:\/\/grupomasbtl.com.mx\/grupojoseli\/wp-content\/uploads\/sites\/11\/2018\/05\/1111-130x130.png\" alt=\"Producci\u00f3n \"\/><\/div><div class=\"services-content\"><div class=\"sc-wraper\"><h3>Producci\u00f3n <\/h3><p>Contamos con  huertas de aguacate, mango y hortalizas en distintas zonas del pa\u00eds.<\/p><\/div><\/div><\/div><div class=\"services-box col\"><div class=\"img-container\"><img src=\"http:\/\/grupomasbtl.com.mx\/grupojoseli\/wp-content\/uploads\/sites\/11\/2018\/05\/12123-130x130.png\" alt=\"Empaques\"\/><\/div><div class=\"services-content\"><div class=\"sc-wraper\"><h3>Empaques<\/h3><p>Contamos con empaques para aguacate, mango y hortalizas para maquila. <\/p><\/div><\/div><\/div><div class=\"services-box col nomargin\"><div class=\"img-container\"><img src=\"http:\/\/grupomasbtl.com.mx\/grupojoseli\/wp-content\/uploads\/sites\/11\/2018\/05\/12312313-130x130.png\" alt=\"Comercializacion &amp; Logistica \"\/><\/div><div class=\"services-content\"><div class=\"sc-wraper\"><h3>Comercializacion & Logistica <\/h3><p>Logistica e infraestructura necesaria para la comercializaci\u00f3n de nuestros productos en mercados nacionales e internaciones. <\/p><\/div><\/div><\/div><div class=\"clear\"><\/div><\/div>\n<p>\n<\/div><\/div>\n<div class=\"services-wrapper services-fullbox cols-wrapper cols-4\" style=\"background-color:#d80000;color:#ffffff;\"><div class=\"services-box col services-no-image\"><div class=\"services-content\"><div class=\"sc-wraper\"><h3>Campo Mexicano <\/h3><p>Experiencia en la producci\u00f3n agricola, presencia en los mercados con mayor demanda nacional e internacional y la aplicaci\u00f3n de tecnolog\u00edas para lograr una producci\u00f3n mas eficiente. <\/p><\/div><\/div><\/div><div class=\"services-box col services-no-content\"><div class=\"img-container\"><img src=\"http:\/\/grupomasbtl.com.mx\/grupojoseli\/wp-content\/uploads\/sites\/11\/2018\/05\/11.jpg\" alt=\"\"\/><\/div><div class=\"services-content\"><div class=\"sc-wraper\"><\/div><\/div><\/div><div class=\"services-box col services-no-content\"><div class=\"img-container\"><img src=\"http:\/\/grupomasbtl.com.mx\/grupojoseli\/wp-content\/uploads\/sites\/11\/2018\/07\/1.jpg\" alt=\"\"\/><\/div><div class=\"services-content\"><div class=\"sc-wraper\"><\/div><\/div><\/div><div class=\"services-box col nomargin services-no-content\"><div class=\"img-container\"><img src=\"http:\/\/grupomasbtl.com.mx\/grupojoseli\/wp-content\/uploads\/sites\/11\/2018\/05\/1-1.jpg\" alt=\"\"\/><\/div><div class=\"services-content\"><div class=\"sc-wraper\"><\/div><\/div><\/div><div class=\"clear\"><\/div><\/div>\n<div class=\"section-full-width section-light\" style=\"background-color:#ffffff;\" id=\"section-1\"><div class=\"section-boxed\" style=\"color:#777777;\"><h4 style=\"color:#252525;\" class=\"sub-title\">Nuestros productos<\/h4><div class=\"testimonial-slider\" data-autoplay=\"true\"><div class=\"testimonial-container\"><div class=\"testimonial-wrapper\"><div class=\"testimonial-info\"><img class=\"img-frame testimonial-img\" src=\"http:\/\/grupomasbtl.com.mx\/grupojoseli\/wp-content\/uploads\/sites\/11\/2018\/05\/Razones-por-las-que-debemos-comer-mas-pepino_0-150x150.jpg\" alt=\"Pepino \" \/><div class=\"testimonials-details\"><h2>Pepino <\/h2><span>Developer \/ <a href=\"#\">Pexeto<\/a><\/span><\/div><\/div><blockquote><p>En la zona norte del pais aprovechamos para la producci\u00f3n de distintas hortalizas como el pepino, el cual lo producimos y tambi\u00e9n lo vendemos a distintos maquilladores para su futura comercializaci\u00f3n. <\/p><\/blockquote><\/div><\/div><div class=\"testimonial-container\"><div class=\"testimonial-wrapper\"><div class=\"testimonial-info\"><img class=\"img-frame testimonial-img\" src=\"http:\/\/grupomasbtl.com.mx\/grupojoseli\/wp-content\/uploads\/sites\/11\/2018\/05\/eladio-chile-thai-rojo-150x150.jpg\" alt=\"Variedades de chile \" \/><div class=\"testimonials-details\"><h2>Variedades de chile <\/h2><span>Producci\u00f3n  \/ <a href=\"#\">comercializacion<\/a><\/span><\/div><\/div><blockquote><p>Nuestro portafolio de productos de hortalizas tambi\u00e9n incluye la producci\u00f3n de distintas variedades de chiles de \u00e1rbol. <\/p><\/blockquote><\/div><\/div><div class=\"testimonial-container\"><div class=\"testimonial-wrapper\"><div class=\"testimonial-info\"><img class=\"img-frame testimonial-img\" src=\"http:\/\/grupomasbtl.com.mx\/grupojoseli\/wp-content\/uploads\/sites\/11\/2018\/05\/17-AGUACATE-ESTADOS-UNIDOS-150x150.jpeg\" alt=\"Aguacate Hass \" \/><div class=\"testimonials-details\"><h2>Aguacate Hass <\/h2><span>Produccion  \/ <a href=\"#\">Maquila y comercializacion <\/a><\/span><\/div><\/div><blockquote><p>La variedad de mayor demanda a nivel internacional., contamos con huertas en el estado de Michoacan enfocadas a la producci\u00f3n de esta variedad de Aguacate los cuales se cultiva con los mas altos est\u00e1ndares de calidad para garantizar un producto de primera.<\/p><\/blockquote><\/div><\/div><div class=\"testimonial-container\"><div class=\"testimonial-wrapper\"><div class=\"testimonial-info\"><img class=\"img-frame testimonial-img\" src=\"http:\/\/grupomasbtl.com.mx\/grupojoseli\/wp-content\/uploads\/sites\/11\/2018\/05\/mangue-2-150x150.jpg\" alt=\"Mango\" \/><div class=\"testimonials-details\"><h2>Mango<\/h2><span>Producci\u00f3n  \/ <a href=\"#\">Maquila y comercializacion <\/a><\/span><\/div><\/div><blockquote><p>Con plantaciones en el estado de Sinaloa aprovechamos la zona geogr\u00e1fica para la producci\u00f3n de mango el cual lo empacamos en nuestras empresas para despu\u00e9s comercializarlo en el mercado<\/p><\/blockquote><\/div><\/div><div class=\"testimonial-container\"><div class=\"testimonial-wrapper\"><div class=\"testimonial-info\"><img class=\"img-frame testimonial-img\" src=\"http:\/\/grupomasbtl.com.mx\/grupojoseli\/wp-content\/uploads\/sites\/11\/2018\/05\/tomate-150x150.jpg\" alt=\"Jitomate\" \/><div class=\"testimonials-details\"><h2>Jitomate<\/h2><span>Produccion \/ <a href=\"#\">comercializacion<\/a><\/span><\/div><\/div><blockquote><p>Producido en el estado de Sinaloa durante el periodo que hay producci\u00f3n de jitomate con una capacidad de producci\u00f3n anual de mas de 9,000 toneladas.<\/p><\/blockquote><\/div><\/div><\/div>\n<\/div><\/div>\n<div class=\"section-full-width section-light\" style=\"background-color:#f7f7f7;\" id=\"section-2\"><div style=\"background-image:url(http:\/\/grupomasbtl.com.mx\/grupojoseli\/wp-content\/uploads\/sites\/11\/2018\/05\/collage.jpg); opacity:1; filter: alpha(opacity=100);\" class=\"full-bg-image\" ><\/div><div class=\"section-boxed\" style=\"color:#000000;\"><\/p>\n<div class=\"cols-wrapper cols-2\">\n<div class=\"col\">\n<h3><span style=\"color: #000000\"><strong>Buscamos ser socios comerciales.<\/strong><\/span><\/h3>\n<p><span style=\"color: #000000\">En Grupo Joseli nuestra filosof\u00eda de negocio es crear alianzas estrat\u00e9gicas con nuestros proveedores, socios comerciales y clientes para generar negocios a largo plazo. <\/span><\/p>\n<ul class=\"bullet_arrow4 imglist\">\n<li><span style=\"color: #000000\">Trabajamos con pasi\u00f3n, constancia y compromiso.\u00a0<\/span><\/li>\n<li><span style=\"color: #000000\">Seriedad y profesionalismo en todos nuestros negocios.\u00a0<\/span><\/li>\n<li><span style=\"color: #000000\">Buscamos servir a nuestros clientes con una atenci\u00f3n de primera.\u00a0<\/span><\/li>\n<li><span style=\"color: #000000\">Constante Innovaci\u00f3n y mejora de nuestras divisiones de negocio.\u00a0<\/span><\/li>\n<li><span style=\"color: #000000\">De los pilares fundamentales de nuestra empresa es el gran equipo de trabajos con el que contamos. <\/span><\/li>\n<\/ul>\n<p><a class=\"button\" href=\"#\">conTACTANOS<\/a><\/p>\n<\/div>\n<div class=\"col nomargin\"><\/div>\n<\/div>\n<p>\n<\/div><\/div>\n","protected":false},"excerpt":{"rendered":"","protected":false},"author":2,"featured_media":0,"parent":0,"menu_order":0,"comment_status":"open","ping_status":"open","template":"template-full-custom.php","meta":[],"_links":{"self":[{"href":"http:\/\/grupomasbtl.com.mx\/grupojoseli\/wp-json\/wp\/v2\/pages\/5"}],"collection":[{"href":"http:\/\/grupomasbtl.com.mx\/grupojoseli\/wp-json\/wp\/v2\/pages"}],"about":[{"href":"http:\/\/grupomasbtl.com.mx\/grupojoseli\/wp-json\/wp\/v2\/types\/page"}],"author":[{"embeddable":true,"href":"http:\/\/grupomasbtl.com.mx\/grupojoseli\/wp-json\/wp\/v2\/users\/2"}],"replies":[{"embeddable":true,"href":"http:\/\/grupomasbtl.com.mx\/grupojoseli\/wp-json\/wp\/v2\/comments?post=5"}],"version-history":[{"count":6,"href":"http:\/\/grupomasbtl.com.mx\/grupojoseli\/wp-json\/wp\/v2\/pages\/5\/revisions"}],"predecessor-version":[{"id":2543,"href":"http:\/\/grupomasbtl.com.mx\/grupojoseli\/wp-json\/wp\/v2\/pages\/5\/revisions\/2543"}],"wp:attachment":[{"href":"http:\/\/grupomasbtl.com.mx\/grupojoseli\/wp-json\/wp\/v2\/media?parent=5"}],"curies":[{"name":"wp","href":"https:\/\/api.w.org\/{rel}","templated":true}]}}