{"id":2737,"date":"2018-06-07T20:25:02","date_gmt":"2018-06-07T20:25:02","guid":{"rendered":"http:\/\/grupomasbtl.com.mx\/grupojoseli\/?page_id=2737"},"modified":"2018-06-07T20:32:41","modified_gmt":"2018-06-07T20:32:41","slug":"joseli-produce","status":"publish","type":"page","link":"http:\/\/grupomasbtl.com.mx\/grupojoseli\/joseli-produce\/","title":{"rendered":"Joseli Produce LLC"},"content":{"rendered":"<h3 style=\"text-align: center\">LO QUE HACEMOS.<\/h3>\n<div class=\"services-wrapper services-thumbnail\"><div class=\"services-box col\"><div class=\"thumbnail-wrapper\"><div class=\"services-img\" style=\"background-image:url(http:\/\/grupomasbtl.com.mx\/grupojoseli\/wp-content\/uploads\/sites\/11\/2018\/06\/PHOTO-2018-05-27-18-12-56-235x235.jpg)\"><\/div><div class=\"services-content\"><div class=\"sc-wraper\"><h3><a href=\"#\">Aguacate, mango & hortalizas<\/a><\/h3><\/div><\/div><\/div><\/div><div class=\"services-box col\"><div class=\"thumbnail-wrapper\"><div class=\"services-img\" style=\"background-image:url(http:\/\/grupomasbtl.com.mx\/grupojoseli\/wp-content\/uploads\/sites\/11\/2018\/06\/PHOTO-2018-05-27-18-07-36-235x235.jpg)\"><\/div><div class=\"services-content\"><div class=\"sc-wraper\"><h3>Distribuci\u00f3n USA<\/h3><\/div><\/div><\/div><\/div><div class=\"services-box col\"><div class=\"thumbnail-wrapper\"><div class=\"services-img\" style=\"background-image:url(http:\/\/grupomasbtl.com.mx\/grupojoseli\/wp-content\/uploads\/sites\/11\/2018\/06\/PHOTO-2018-05-27-17-45-05-235x235.jpg)\"><\/div><div class=\"services-content\"><div class=\"sc-wraper\"><h3><a href=\"#\">Comercializaci\u00f3n <\/a><\/h3><\/div><\/div><\/div><\/div><div class=\"clear\"><\/div><\/div>\n<p>&nbsp;<\/p>\n<div class=\"services-wrapper services-fullbox cols-wrapper cols-2\" style=\"background-color:#1a3954;color:#ffffff;\"><div class=\"services-box col services-no-image\"><div class=\"services-content\"><div class=\"sc-wraper\"><h3>Comercializaci\u00f3n<\/h3><p>Comercializamos los productos como aguacate, mango y de hortalizas, brindando las mejores condiciones de productividad, organizaci\u00f3n y  cumpliendo est\u00e1ndares de calidad y desarrollo para su comercializaci\u00f3n logrando una satisfacci\u00f3n dentro de los estados unidos. \r\n<\/p><\/div><\/div><\/div><div class=\"services-box col nomargin services-no-image\"><div class=\"services-content\"><div class=\"sc-wraper\"><h3>Ubicaci\u00f3n <\/h3><p>Estamos ubicados en el estado de california en la ciudad de Los Angeles en medio de unos de los mas importantes puntos de distribuci\u00f3n en el pa\u00eds. <\/p><\/div><\/div><\/div><div class=\"clear\"><\/div><\/div>\n<p>&nbsp;<\/p>\n<div class=\"quick-gallery\"><div class=\"qg-img qg-no-title\" data-defwidth=\"383\"><a href=\"http:\/\/grupomasbtl.com.mx\/grupojoseli\/wp-content\/uploads\/sites\/11\/2018\/06\/PHOTO-2018-05-27-18-08-15-2.jpg\" data-rel=\"lightbox[group-27371]\" title=\"\" ><img src=\"http:\/\/grupomasbtl.com.mx\/grupojoseli\/wp-content\/uploads\/sites\/11\/2018\/06\/PHOTO-2018-05-27-18-08-15-2-383x250.jpg\" alt=\"\"\/><div class=\"qg-overlay\"><span class=\"icon-circle\"><span class=\"pg-icon lightbox-icon\"><\/span><\/span><\/div><\/a><\/div><div class=\"qg-img qg-no-title\" data-defwidth=\"383\"><a href=\"http:\/\/grupomasbtl.com.mx\/grupojoseli\/wp-content\/uploads\/sites\/11\/2018\/06\/PHOTO-2018-05-27-18-10-15-2-1.jpg\" data-rel=\"lightbox[group-27371]\" title=\"\" ><img src=\"http:\/\/grupomasbtl.com.mx\/grupojoseli\/wp-content\/uploads\/sites\/11\/2018\/06\/PHOTO-2018-05-27-18-10-15-2-1-383x250.jpg\" alt=\"\"\/><div class=\"qg-overlay\"><span class=\"icon-circle\"><span class=\"pg-icon lightbox-icon\"><\/span><\/span><\/div><\/a><\/div><div class=\"qg-img qg-no-title\" data-defwidth=\"383\"><a href=\"http:\/\/grupomasbtl.com.mx\/grupojoseli\/wp-content\/uploads\/sites\/11\/2018\/06\/PHOTO-2018-05-27-18-10-15-3.jpg\" data-rel=\"lightbox[group-27371]\" title=\"\" ><img src=\"http:\/\/grupomasbtl.com.mx\/grupojoseli\/wp-content\/uploads\/sites\/11\/2018\/06\/PHOTO-2018-05-27-18-10-15-3-383x250.jpg\" alt=\"\"\/><div class=\"qg-overlay\"><span class=\"icon-circle\"><span class=\"pg-icon lightbox-icon\"><\/span><\/span><\/div><\/a><\/div><div class=\"qg-img qg-no-title\" data-defwidth=\"383\"><a href=\"http:\/\/grupomasbtl.com.mx\/grupojoseli\/wp-content\/uploads\/sites\/11\/2018\/06\/PHOTO-2018-05-27-18-10-16.jpg\" data-rel=\"lightbox[group-27371]\" title=\"\" ><img src=\"http:\/\/grupomasbtl.com.mx\/grupojoseli\/wp-content\/uploads\/sites\/11\/2018\/06\/PHOTO-2018-05-27-18-10-16-383x250.jpg\" alt=\"\"\/><div class=\"qg-overlay\"><span class=\"icon-circle\"><span class=\"pg-icon lightbox-icon\"><\/span><\/span><\/div><\/a><\/div><div class=\"qg-img qg-no-title\" data-defwidth=\"383\"><a href=\"http:\/\/grupomasbtl.com.mx\/grupojoseli\/wp-content\/uploads\/sites\/11\/2018\/06\/PHOTO-2018-05-27-18-12-56-1.jpg\" data-rel=\"lightbox[group-27371]\" title=\"\" ><img src=\"http:\/\/grupomasbtl.com.mx\/grupojoseli\/wp-content\/uploads\/sites\/11\/2018\/06\/PHOTO-2018-05-27-18-12-56-1-383x250.jpg\" alt=\"\"\/><div class=\"qg-overlay\"><span class=\"icon-circle\"><span class=\"pg-icon lightbox-icon\"><\/span><\/span><\/div><\/a><\/div><div class=\"qg-img qg-no-title\" data-defwidth=\"383\"><a href=\"http:\/\/grupomasbtl.com.mx\/grupojoseli\/wp-content\/uploads\/sites\/11\/2018\/06\/PHOTO-2018-05-27-18-46-48-2.jpg\" data-rel=\"lightbox[group-27371]\" title=\"\" ><img src=\"http:\/\/grupomasbtl.com.mx\/grupojoseli\/wp-content\/uploads\/sites\/11\/2018\/06\/PHOTO-2018-05-27-18-46-48-2-383x250.jpg\" alt=\"\"\/><div class=\"qg-overlay\"><span class=\"icon-circle\"><span class=\"pg-icon lightbox-icon\"><\/span><\/span><\/div><\/a><\/div><div class=\"clear\"><\/div><\/div>\n<!--[if lt IE 9]><script>document.createElement('video');<\/script><![endif]-->\n\t<div class=\"wp-playlist wp-video-playlist wp-playlist-light\">\n\t\t<video controls=\"controls\" preload=\"none\" width=\"1148\"\n\t\t height=\"631\"\t><\/video>\n\t<div class=\"wp-playlist-next\"><\/div>\n\t<div class=\"wp-playlist-prev\"><\/div>\n\t<noscript>\n\t<ol>\n\t\t<li><a href='http:\/\/grupomasbtl.com.mx\/grupojoseli\/wp-content\/uploads\/sites\/11\/2018\/06\/VIDEO-2018-05-31-09-08-27.mp4'>VIDEO-2018-05-31-09-08-27<\/a><\/li>\t<\/ol>\n\t<\/noscript>\n\t<script type=\"application\/json\" class=\"wp-playlist-script\">{\"type\":\"video\",\"tracklist\":true,\"tracknumbers\":true,\"images\":true,\"artists\":true,\"tracks\":[{\"src\":\"http:\\\/\\\/grupomasbtl.com.mx\\\/grupojoseli\\\/wp-content\\\/uploads\\\/sites\\\/11\\\/2018\\\/06\\\/VIDEO-2018-05-31-09-08-27.mp4\",\"type\":\"video\\\/mp4\",\"title\":\"VIDEO-2018-05-31-09-08-27\",\"caption\":\"\",\"description\":\"\",\"meta\":{\"length_formatted\":\"1:03\"},\"dimensions\":{\"original\":{\"width\":640,\"height\":352},\"resized\":{\"width\":1148,\"height\":631}},\"image\":{\"src\":\"http:\\\/\\\/grupomasbtl.com.mx\\\/grupojoseli\\\/wp-includes\\\/images\\\/media\\\/video.png\",\"width\":48,\"height\":64},\"thumb\":{\"src\":\"http:\\\/\\\/grupomasbtl.com.mx\\\/grupojoseli\\\/wp-includes\\\/images\\\/media\\\/video.png\",\"width\":48,\"height\":64}}]}<\/script>\n<\/div>\n\t\n<h3><a href=\"http:\/\/grupomasbtl.com.mx\/grupojoseli\/contact-2\/#\">Joseli Produce LLC<\/a><\/h3>\n<p><img decoding=\"async\" loading=\"lazy\" class=\"wp-image-2635 alignleft\" src=\"http:\/\/grupomasbtl.com.mx\/grupojoseli\/wp-content\/uploads\/sites\/11\/2018\/06\/APEAM-USDA-CEMICH-SAGARPA.png\" alt=\"\" width=\"296\" height=\"187\" srcset=\"http:\/\/grupomasbtl.com.mx\/grupojoseli\/wp-content\/uploads\/sites\/11\/2018\/06\/APEAM-USDA-CEMICH-SAGARPA.png 973w, http:\/\/grupomasbtl.com.mx\/grupojoseli\/wp-content\/uploads\/sites\/11\/2018\/06\/APEAM-USDA-CEMICH-SAGARPA-300x190.png 300w, http:\/\/grupomasbtl.com.mx\/grupojoseli\/wp-content\/uploads\/sites\/11\/2018\/06\/APEAM-USDA-CEMICH-SAGARPA-768x485.png 768w\" sizes=\"(max-width: 296px) 100vw, 296px\" \/><\/p>\n<p>&nbsp;<\/p>\n<p>Somos una empresa constituida en Estados Unidos\u00a0 dedicada a la comercializaci\u00f3n de productos como aguacate, mango y hortalizas, nos dirigimos con la mejor organizaci\u00f3n, productividad, calidad y cumpliendo los est\u00e1ndares de desarrollo para su comercializaci\u00f3n logrando un alcance favorable.<\/p>\n<p style=\"text-align: left\">Centro de distribuci\u00f3n USA 1495 Mateo St Los Angeles, CA 90021 joseliproducellc@hotmail.com<\/p>\n","protected":false},"excerpt":{"rendered":"<p>LO QUE HACEMOS. &nbsp; &nbsp; Joseli Produce LLC &nbsp; Somos una empresa constituida en Estados Unidos\u00a0 dedicada a la comercializaci\u00f3n [&hellip;]<\/p>\n","protected":false},"author":2,"featured_media":0,"parent":0,"menu_order":0,"comment_status":"closed","ping_status":"closed","template":"","meta":[],"_links":{"self":[{"href":"http:\/\/grupomasbtl.com.mx\/grupojoseli\/wp-json\/wp\/v2\/pages\/2737"}],"collection":[{"href":"http:\/\/grupomasbtl.com.mx\/grupojoseli\/wp-json\/wp\/v2\/pages"}],"about":[{"href":"http:\/\/grupomasbtl.com.mx\/grupojoseli\/wp-json\/wp\/v2\/types\/page"}],"author":[{"embeddable":true,"href":"http:\/\/grupomasbtl.com.mx\/grupojoseli\/wp-json\/wp\/v2\/users\/2"}],"replies":[{"embeddable":true,"href":"http:\/\/grupomasbtl.com.mx\/grupojoseli\/wp-json\/wp\/v2\/comments?post=2737"}],"version-history":[{"count":4,"href":"http:\/\/grupomasbtl.com.mx\/grupojoseli\/wp-json\/wp\/v2\/pages\/2737\/revisions"}],"predecessor-version":[{"id":2751,"href":"http:\/\/grupomasbtl.com.mx\/grupojoseli\/wp-json\/wp\/v2\/pages\/2737\/revisions\/2751"}],"wp:attachment":[{"href":"http:\/\/grupomasbtl.com.mx\/grupojoseli\/wp-json\/wp\/v2\/media?parent=2737"}],"curies":[{"name":"wp","href":"https:\/\/api.w.org\/{rel}","templated":true}]}}