{"id":2672,"date":"2018-06-06T21:27:30","date_gmt":"2018-06-06T21:27:30","guid":{"rendered":"http:\/\/grupomasbtl.com.mx\/grupojoseli\/?page_id=2672"},"modified":"2019-01-19T01:54:34","modified_gmt":"2019-01-19T01:54:34","slug":"agricola-joseli","status":"publish","type":"page","link":"http:\/\/grupomasbtl.com.mx\/grupojoseli\/agricola-joseli\/","title":{"rendered":"Grupo Agricola Joseli"},"content":{"rendered":"<h3 style=\"text-align: center\">LO QUE HACEMOS.<\/h3>\n<div class=\"services-wrapper services-thumbnail\"><div class=\"services-box col\"><div class=\"thumbnail-wrapper\"><div class=\"services-img\" style=\"background-image:url(http:\/\/grupomasbtl.com.mx\/grupojoseli\/wp-content\/uploads\/sites\/11\/2018\/06\/PHOTO-2018-05-27-18-10-17-3-235x235.jpg)\"><\/div><div class=\"services-content\"><div class=\"sc-wraper\"><h3><a href=\"#\">Viveros<\/a><\/h3><\/div><\/div><\/div><\/div><div class=\"services-box col\"><div class=\"thumbnail-wrapper\"><div class=\"services-img\" style=\"background-image:url(http:\/\/grupomasbtl.com.mx\/grupojoseli\/wp-content\/uploads\/sites\/11\/2018\/06\/PHOTO-2018-05-27-18-07-49-235x235.jpg)\"><\/div><div class=\"services-content\"><div class=\"sc-wraper\"><h3><a href=\"#\">Desarrollo Campo<\/a><\/h3><\/div><\/div><\/div><\/div><div class=\"services-box col\"><div class=\"thumbnail-wrapper\"><div class=\"services-img\" style=\"background-image:url(http:\/\/grupomasbtl.com.mx\/grupojoseli\/wp-content\/uploads\/sites\/11\/2018\/06\/PHOTO-2018-05-27-18-14-40-235x235.jpg)\"><\/div><div class=\"services-content\"><div class=\"sc-wraper\"><h3><a href=\"#\">Producci\u00f3n<\/a><\/h3><\/div><\/div><\/div><\/div><div class=\"clear\"><\/div><\/div>\n<p>&nbsp;<\/p>\n<div class=\"services-wrapper services-fullbox cols-wrapper cols-2\" style=\"background-color:#1a3954;color:#ffffff;\"><div class=\"services-box col services-no-image\"><div class=\"services-content\"><div class=\"sc-wraper\"><h3>Calidad<\/h3><p>Contamos con los mejores est\u00e1ndares y certificaciones mas altas en calidad e inocuidad siendo l\u00edder en el sector y contando con productos finales de cosecha de la mejor calidad, para as\u00ed mismo ser reconocidos en la regi\u00f3n.<\/p><\/div><\/div><\/div><div class=\"services-box col nomargin services-no-image\"><div class=\"services-content\"><div class=\"sc-wraper\"><h3>Producci\u00f3n<\/h3><p>Poseemos con la ultima generaci\u00f3n de producci\u00f3n logrando que nuestros tomates chiles y pepinos sean preferibles del \u00e1rea, nuestra producci\u00f3n es de la mejor, contando con las mejores hortalizas para as\u00ed mismo ser recomendada por nuestros clientes.\r\n<\/p><\/div><\/div><\/div><div class=\"clear\"><\/div><\/div>\n<p>&nbsp;<\/p>\n<div class=\"quick-gallery\"><div class=\"qg-img qg-no-title\" data-defwidth=\"383\"><a href=\"http:\/\/grupomasbtl.com.mx\/grupojoseli\/wp-content\/uploads\/sites\/11\/2018\/06\/PHOTO-2018-05-27-18-10-17.jpg\" data-rel=\"lightbox[group-26721]\" title=\"\" ><img src=\"http:\/\/grupomasbtl.com.mx\/grupojoseli\/wp-content\/uploads\/sites\/11\/2018\/06\/PHOTO-2018-05-27-18-10-17-383x250.jpg\" alt=\"\"\/><div class=\"qg-overlay\"><span class=\"icon-circle\"><span class=\"pg-icon lightbox-icon\"><\/span><\/span><\/div><\/a><\/div><div class=\"qg-img qg-no-title\" data-defwidth=\"383\"><a href=\"http:\/\/grupomasbtl.com.mx\/grupojoseli\/wp-content\/uploads\/sites\/11\/2018\/06\/PHOTO-2018-05-27-18-10-18-4.jpg\" data-rel=\"lightbox[group-26721]\" title=\"\" ><img src=\"http:\/\/grupomasbtl.com.mx\/grupojoseli\/wp-content\/uploads\/sites\/11\/2018\/06\/PHOTO-2018-05-27-18-10-18-4-383x250.jpg\" alt=\"\"\/><div class=\"qg-overlay\"><span class=\"icon-circle\"><span class=\"pg-icon lightbox-icon\"><\/span><\/span><\/div><\/a><\/div><div class=\"qg-img qg-no-title\" data-defwidth=\"383\"><a href=\"http:\/\/grupomasbtl.com.mx\/grupojoseli\/wp-content\/uploads\/sites\/11\/2018\/06\/PHOTO-2018-05-27-18-10-18.jpg\" data-rel=\"lightbox[group-26721]\" title=\"\" ><img src=\"http:\/\/grupomasbtl.com.mx\/grupojoseli\/wp-content\/uploads\/sites\/11\/2018\/06\/PHOTO-2018-05-27-18-10-18-383x250.jpg\" alt=\"\"\/><div class=\"qg-overlay\"><span class=\"icon-circle\"><span class=\"pg-icon lightbox-icon\"><\/span><\/span><\/div><\/a><\/div><div class=\"qg-img qg-no-title\" data-defwidth=\"383\"><a href=\"http:\/\/grupomasbtl.com.mx\/grupojoseli\/wp-content\/uploads\/sites\/11\/2018\/06\/PHOTO-2018-05-27-18-10-19.jpg\" data-rel=\"lightbox[group-26721]\" title=\"\" ><img src=\"http:\/\/grupomasbtl.com.mx\/grupojoseli\/wp-content\/uploads\/sites\/11\/2018\/06\/PHOTO-2018-05-27-18-10-19-383x250.jpg\" alt=\"\"\/><div class=\"qg-overlay\"><span class=\"icon-circle\"><span class=\"pg-icon lightbox-icon\"><\/span><\/span><\/div><\/a><\/div><div class=\"qg-img qg-no-title\" data-defwidth=\"383\"><a href=\"http:\/\/grupomasbtl.com.mx\/grupojoseli\/wp-content\/uploads\/sites\/11\/2018\/06\/PHOTO-2018-05-27-18-12-36.jpg\" data-rel=\"lightbox[group-26721]\" title=\"\" ><img src=\"http:\/\/grupomasbtl.com.mx\/grupojoseli\/wp-content\/uploads\/sites\/11\/2018\/06\/PHOTO-2018-05-27-18-12-36-383x250.jpg\" alt=\"\"\/><div class=\"qg-overlay\"><span class=\"icon-circle\"><span class=\"pg-icon lightbox-icon\"><\/span><\/span><\/div><\/a><\/div><div class=\"qg-img qg-no-title\" data-defwidth=\"383\"><a href=\"http:\/\/grupomasbtl.com.mx\/grupojoseli\/wp-content\/uploads\/sites\/11\/2018\/06\/PHOTO-2018-05-27-18-15-26.jpg\" data-rel=\"lightbox[group-26721]\" title=\"\" ><img src=\"http:\/\/grupomasbtl.com.mx\/grupojoseli\/wp-content\/uploads\/sites\/11\/2018\/06\/PHOTO-2018-05-27-18-15-26-383x250.jpg\" alt=\"\"\/><div class=\"qg-overlay\"><span class=\"icon-circle\"><span class=\"pg-icon lightbox-icon\"><\/span><\/span><\/div><\/a><\/div><div class=\"qg-img qg-no-title\" data-defwidth=\"383\"><a href=\"http:\/\/grupomasbtl.com.mx\/grupojoseli\/wp-content\/uploads\/sites\/11\/2018\/06\/PHOTO-2018-05-27-18-15-30.jpg\" data-rel=\"lightbox[group-26721]\" title=\"\" ><img src=\"http:\/\/grupomasbtl.com.mx\/grupojoseli\/wp-content\/uploads\/sites\/11\/2018\/06\/PHOTO-2018-05-27-18-15-30-383x250.jpg\" alt=\"\"\/><div class=\"qg-overlay\"><span class=\"icon-circle\"><span class=\"pg-icon lightbox-icon\"><\/span><\/span><\/div><\/a><\/div><div class=\"qg-img qg-no-title\" data-defwidth=\"383\"><a href=\"http:\/\/grupomasbtl.com.mx\/grupojoseli\/wp-content\/uploads\/sites\/11\/2018\/06\/PHOTO-2018-05-27-18-15-33.jpg\" data-rel=\"lightbox[group-26721]\" title=\"\" ><img src=\"http:\/\/grupomasbtl.com.mx\/grupojoseli\/wp-content\/uploads\/sites\/11\/2018\/06\/PHOTO-2018-05-27-18-15-33-383x250.jpg\" alt=\"\"\/><div class=\"qg-overlay\"><span class=\"icon-circle\"><span class=\"pg-icon lightbox-icon\"><\/span><\/span><\/div><\/a><\/div><div class=\"qg-img qg-no-title\" data-defwidth=\"383\"><a href=\"http:\/\/grupomasbtl.com.mx\/grupojoseli\/wp-content\/uploads\/sites\/11\/2018\/06\/PHOTO-2018-05-28-09-48-59.jpg\" data-rel=\"lightbox[group-26721]\" title=\"\" ><img src=\"http:\/\/grupomasbtl.com.mx\/grupojoseli\/wp-content\/uploads\/sites\/11\/2018\/06\/PHOTO-2018-05-28-09-48-59-383x250.jpg\" alt=\"\"\/><div class=\"qg-overlay\"><span class=\"icon-circle\"><span class=\"pg-icon lightbox-icon\"><\/span><\/span><\/div><\/a><\/div><div class=\"qg-img qg-no-title\" data-defwidth=\"383\"><a href=\"http:\/\/grupomasbtl.com.mx\/grupojoseli\/wp-content\/uploads\/sites\/11\/2019\/01\/habanero.jpg\" data-rel=\"lightbox[group-26721]\" title=\"\" ><img src=\"http:\/\/grupomasbtl.com.mx\/grupojoseli\/wp-content\/uploads\/sites\/11\/2019\/01\/habanero-383x250.jpg\" alt=\"\"\/><div class=\"qg-overlay\"><span class=\"icon-circle\"><span class=\"pg-icon lightbox-icon\"><\/span><\/span><\/div><\/a><\/div><div class=\"qg-img qg-no-title\" data-defwidth=\"383\"><a href=\"http:\/\/grupomasbtl.com.mx\/grupojoseli\/wp-content\/uploads\/sites\/11\/2019\/01\/habanero1.jpg\" data-rel=\"lightbox[group-26721]\" title=\"\" ><img src=\"http:\/\/grupomasbtl.com.mx\/grupojoseli\/wp-content\/uploads\/sites\/11\/2019\/01\/habanero1-383x250.jpg\" alt=\"\"\/><div class=\"qg-overlay\"><span class=\"icon-circle\"><span class=\"pg-icon lightbox-icon\"><\/span><\/span><\/div><\/a><\/div><div class=\"qg-img qg-no-title\" data-defwidth=\"383\"><a href=\"http:\/\/grupomasbtl.com.mx\/grupojoseli\/wp-content\/uploads\/sites\/11\/2019\/01\/maxresdefault-7.jpg\" data-rel=\"lightbox[group-26721]\" title=\"\" ><img src=\"http:\/\/grupomasbtl.com.mx\/grupojoseli\/wp-content\/uploads\/sites\/11\/2019\/01\/maxresdefault-7-383x250.jpg\" alt=\"\"\/><div class=\"qg-overlay\"><span class=\"icon-circle\"><span class=\"pg-icon lightbox-icon\"><\/span><\/span><\/div><\/a><\/div><div class=\"qg-img qg-no-title\" data-defwidth=\"383\"><a href=\"http:\/\/grupomasbtl.com.mx\/grupojoseli\/wp-content\/uploads\/sites\/11\/2019\/01\/poblano.jpg\" data-rel=\"lightbox[group-26721]\" title=\"\" ><img src=\"http:\/\/grupomasbtl.com.mx\/grupojoseli\/wp-content\/uploads\/sites\/11\/2019\/01\/poblano-383x250.jpg\" alt=\"\"\/><div class=\"qg-overlay\"><span class=\"icon-circle\"><span class=\"pg-icon lightbox-icon\"><\/span><\/span><\/div><\/a><\/div><div class=\"qg-img qg-no-title\" data-defwidth=\"383\"><a href=\"http:\/\/grupomasbtl.com.mx\/grupojoseli\/wp-content\/uploads\/sites\/11\/2019\/01\/poblano1.jpg\" data-rel=\"lightbox[group-26721]\" title=\"\" ><img src=\"http:\/\/grupomasbtl.com.mx\/grupojoseli\/wp-content\/uploads\/sites\/11\/2019\/01\/poblano1-383x250.jpg\" alt=\"\"\/><div class=\"qg-overlay\"><span class=\"icon-circle\"><span class=\"pg-icon lightbox-icon\"><\/span><\/span><\/div><\/a><\/div><div class=\"qg-img qg-no-title\" data-defwidth=\"383\"><a href=\"http:\/\/grupomasbtl.com.mx\/grupojoseli\/wp-content\/uploads\/sites\/11\/2019\/01\/sandia.jpg\" data-rel=\"lightbox[group-26721]\" title=\"\" ><img src=\"http:\/\/grupomasbtl.com.mx\/grupojoseli\/wp-content\/uploads\/sites\/11\/2019\/01\/sandia-383x250.jpg\" alt=\"\"\/><div class=\"qg-overlay\"><span class=\"icon-circle\"><span class=\"pg-icon lightbox-icon\"><\/span><\/span><\/div><\/a><\/div><div class=\"clear\"><\/div><\/div>\n<!--[if lt IE 9]><script>document.createElement('video');<\/script><![endif]-->\n\t<div class=\"wp-playlist wp-video-playlist wp-playlist-light\">\n\t\t<video controls=\"controls\" preload=\"none\" width=\"1148\"\n\t\t height=\"631\"\t><\/video>\n\t<div class=\"wp-playlist-next\"><\/div>\n\t<div class=\"wp-playlist-prev\"><\/div>\n\t<noscript>\n\t<ol>\n\t\t<li><a href='http:\/\/grupomasbtl.com.mx\/grupojoseli\/wp-content\/uploads\/sites\/11\/2018\/06\/VIDEO-2018-05-27-18-27-56.mp4'>VIDEO-2018-05-27-18-27-56<\/a><\/li>\t<\/ol>\n\t<\/noscript>\n\t<script type=\"application\/json\" class=\"wp-playlist-script\">{\"type\":\"video\",\"tracklist\":true,\"tracknumbers\":true,\"images\":true,\"artists\":true,\"tracks\":[{\"src\":\"http:\\\/\\\/grupomasbtl.com.mx\\\/grupojoseli\\\/wp-content\\\/uploads\\\/sites\\\/11\\\/2018\\\/06\\\/VIDEO-2018-05-27-18-27-56.mp4\",\"type\":\"video\\\/mp4\",\"title\":\"VIDEO-2018-05-27-18-27-56\",\"caption\":\"\",\"description\":\"\",\"meta\":{\"length_formatted\":\"2:21\"},\"dimensions\":{\"original\":{\"width\":640,\"height\":352},\"resized\":{\"width\":1148,\"height\":631}},\"image\":{\"src\":\"http:\\\/\\\/grupomasbtl.com.mx\\\/grupojoseli\\\/wp-includes\\\/images\\\/media\\\/video.png\",\"width\":48,\"height\":64},\"thumb\":{\"src\":\"http:\\\/\\\/grupomasbtl.com.mx\\\/grupojoseli\\\/wp-includes\\\/images\\\/media\\\/video.png\",\"width\":48,\"height\":64}}]}<\/script>\n<\/div>\n\t\n<h3><a href=\"http:\/\/grupomasbtl.com.mx\/grupojoseli\/contact-2\/#\">Agricola Joseli<\/a><\/h3>\n<p><img decoding=\"async\" loading=\"lazy\" class=\"wp-image-2635 alignleft\" src=\"http:\/\/grupomasbtl.com.mx\/grupojoseli\/wp-content\/uploads\/sites\/11\/2018\/06\/APEAM-USDA-CEMICH-SAGARPA.png\" alt=\"\" width=\"296\" height=\"187\" srcset=\"http:\/\/grupomasbtl.com.mx\/grupojoseli\/wp-content\/uploads\/sites\/11\/2018\/06\/APEAM-USDA-CEMICH-SAGARPA.png 973w, http:\/\/grupomasbtl.com.mx\/grupojoseli\/wp-content\/uploads\/sites\/11\/2018\/06\/APEAM-USDA-CEMICH-SAGARPA-300x190.png 300w, http:\/\/grupomasbtl.com.mx\/grupojoseli\/wp-content\/uploads\/sites\/11\/2018\/06\/APEAM-USDA-CEMICH-SAGARPA-768x485.png 768w\" sizes=\"(max-width: 296px) 100vw, 296px\" \/><\/p>\n<p>&nbsp;<\/p>\n<p>Dirigidos a la producci\u00f3n, empaque y comercializaci\u00f3n de hortalizas proporcionando los mejores servicios de calidad en la regi\u00f3n, contando con los recursos de su excelente labor humana y equipo tecnol\u00f3gico as\u00ed como los est\u00e1ndares y certificaciones mas altas.<\/p>\n<p style=\"text-align: left\">Productora y Comercializadora Hortalizas Carr. Estatal Libre a Chametla S\/N Entrada a Emiliano Zapata El Rosario, Sinaloa (333) 808-6029 grupoagricolajoseli@hotmail.com<\/p>\n","protected":false},"excerpt":{"rendered":"<p>LO QUE HACEMOS. &nbsp; &nbsp; Agricola Joseli &nbsp; Dirigidos a la producci\u00f3n, empaque y comercializaci\u00f3n de hortalizas proporcionando los mejores [&hellip;]<\/p>\n","protected":false},"author":2,"featured_media":0,"parent":0,"menu_order":0,"comment_status":"closed","ping_status":"closed","template":"","meta":[],"_links":{"self":[{"href":"http:\/\/grupomasbtl.com.mx\/grupojoseli\/wp-json\/wp\/v2\/pages\/2672"}],"collection":[{"href":"http:\/\/grupomasbtl.com.mx\/grupojoseli\/wp-json\/wp\/v2\/pages"}],"about":[{"href":"http:\/\/grupomasbtl.com.mx\/grupojoseli\/wp-json\/wp\/v2\/types\/page"}],"author":[{"embeddable":true,"href":"http:\/\/grupomasbtl.com.mx\/grupojoseli\/wp-json\/wp\/v2\/users\/2"}],"replies":[{"embeddable":true,"href":"http:\/\/grupomasbtl.com.mx\/grupojoseli\/wp-json\/wp\/v2\/comments?post=2672"}],"version-history":[{"count":11,"href":"http:\/\/grupomasbtl.com.mx\/grupojoseli\/wp-json\/wp\/v2\/pages\/2672\/revisions"}],"predecessor-version":[{"id":2847,"href":"http:\/\/grupomasbtl.com.mx\/grupojoseli\/wp-json\/wp\/v2\/pages\/2672\/revisions\/2847"}],"wp:attachment":[{"href":"http:\/\/grupomasbtl.com.mx\/grupojoseli\/wp-json\/wp\/v2\/media?parent=2672"}],"curies":[{"name":"wp","href":"https:\/\/api.w.org\/{rel}","templated":true}]}}