{"id":2647,"date":"2018-06-06T14:48:52","date_gmt":"2018-06-06T14:48:52","guid":{"rendered":"http:\/\/grupomasbtl.com.mx\/grupojoseli\/?page_id=2647"},"modified":"2018-06-06T21:43:01","modified_gmt":"2018-06-06T21:43:01","slug":"fruticola-vedsa","status":"publish","type":"page","link":"http:\/\/grupomasbtl.com.mx\/grupojoseli\/fruticola-vedsa\/","title":{"rendered":"Fruticola Vedsa"},"content":{"rendered":"<h3 style=\"text-align: center\">LO QUE HACEMOS.<\/h3>\n<p>&nbsp;<\/p>\n<div class=\"services-wrapper services-thumbnail\"><div class=\"services-box col\"><div class=\"thumbnail-wrapper\"><div class=\"services-img\" style=\"background-image:url(http:\/\/grupomasbtl.com.mx\/grupojoseli\/wp-content\/uploads\/sites\/11\/2018\/06\/PHOTO-2018-05-27-18-28-54-1-235x235.jpg)\"><\/div><div class=\"services-content\"><div class=\"sc-wraper\"><h3><a href=\"#\">Mango <\/a><\/h3><\/div><\/div><\/div><\/div><div class=\"services-box col\"><div class=\"thumbnail-wrapper\"><div class=\"services-img\" style=\"background-image:url(http:\/\/grupomasbtl.com.mx\/grupojoseli\/wp-content\/uploads\/sites\/11\/2018\/06\/PHOTO-2018-05-27-18-12-48-3-235x235.jpg)\"><\/div><div class=\"services-content\"><div class=\"sc-wraper\"><h3><a href=\"#\">Hortalizas <\/a><\/h3><\/div><\/div><\/div><\/div><div class=\"services-box col\"><div class=\"thumbnail-wrapper\"><div class=\"services-img\" style=\"background-image:url(http:\/\/grupomasbtl.com.mx\/grupojoseli\/wp-content\/uploads\/sites\/11\/2018\/06\/PHOTO-2018-05-27-17-45-05-235x235.jpg)\"><\/div><div class=\"services-content\"><div class=\"sc-wraper\"><h3><a href=\"#\">Comercializaci\u00f3n<\/a><\/h3><\/div><\/div><\/div><\/div><div class=\"clear\"><\/div><\/div>\n<p>&nbsp;<\/p>\n<div class=\"services-wrapper services-fullbox cols-wrapper cols-2\" style=\"background-color:#1a3954;color:#ffffff;\"><div class=\"services-box col services-no-image\"><div class=\"services-content\"><div class=\"sc-wraper\"><h3>LO MEJOR DEL CAMPO <\/h3><p>Gracias a una ubicaci\u00f3n privilegiada en el estado de Sonora y el acceso a frutas de calidad y hortalizas sembradas con la mas alta tecnolog\u00eda en invernaderos mantenemos en constante operaci\u00f3n a tome nuestro empaque para comercializar productos de calidad. <\/p><\/div><\/div><\/div><div class=\"services-box col nomargin services-no-image\"><div class=\"services-content\"><div class=\"sc-wraper\"><h3>Variedad de Productos. <\/h3><p>Nuestra ubicaci\u00f3n geografica nos permite tener producciones de distintos frutos y hortalizas todo el a\u00f1o como son : mango, sandia, pepino, jitomate, chile, productos de gran demanda en los mercados nacionales e internacionales. <\/p><\/div><\/div><\/div><div class=\"clear\"><\/div><\/div>\n<div class=\"quick-gallery\"><div class=\"qg-img qg-no-title\" data-defwidth=\"383\"><a href=\"http:\/\/grupomasbtl.com.mx\/grupojoseli\/wp-content\/uploads\/sites\/11\/2018\/06\/PHOTO-2018-05-27-18-12-50.jpg\" data-rel=\"lightbox[group-26471]\" title=\"\" ><img src=\"http:\/\/grupomasbtl.com.mx\/grupojoseli\/wp-content\/uploads\/sites\/11\/2018\/06\/PHOTO-2018-05-27-18-12-50-383x250.jpg\" alt=\"\"\/><div class=\"qg-overlay\"><span class=\"icon-circle\"><span class=\"pg-icon lightbox-icon\"><\/span><\/span><\/div><\/a><\/div><div class=\"qg-img qg-no-title\" data-defwidth=\"383\"><a href=\"http:\/\/grupomasbtl.com.mx\/grupojoseli\/wp-content\/uploads\/sites\/11\/2018\/06\/PHOTO-2018-05-27-18-12-53.jpg\" data-rel=\"lightbox[group-26471]\" title=\"\" ><img src=\"http:\/\/grupomasbtl.com.mx\/grupojoseli\/wp-content\/uploads\/sites\/11\/2018\/06\/PHOTO-2018-05-27-18-12-53-383x250.jpg\" alt=\"\"\/><div class=\"qg-overlay\"><span class=\"icon-circle\"><span class=\"pg-icon lightbox-icon\"><\/span><\/span><\/div><\/a><\/div><div class=\"qg-img qg-no-title\" data-defwidth=\"383\"><a href=\"http:\/\/grupomasbtl.com.mx\/grupojoseli\/wp-content\/uploads\/sites\/11\/2018\/06\/PHOTO-2018-05-27-18-12-55.jpg\" data-rel=\"lightbox[group-26471]\" title=\"\" ><img src=\"http:\/\/grupomasbtl.com.mx\/grupojoseli\/wp-content\/uploads\/sites\/11\/2018\/06\/PHOTO-2018-05-27-18-12-55-383x250.jpg\" alt=\"\"\/><div class=\"qg-overlay\"><span class=\"icon-circle\"><span class=\"pg-icon lightbox-icon\"><\/span><\/span><\/div><\/a><\/div><div class=\"qg-img qg-no-title\" data-defwidth=\"383\"><a href=\"http:\/\/grupomasbtl.com.mx\/grupojoseli\/wp-content\/uploads\/sites\/11\/2018\/06\/PHOTO-2018-05-27-18-12-56-2.jpg\" data-rel=\"lightbox[group-26471]\" title=\"\" ><img src=\"http:\/\/grupomasbtl.com.mx\/grupojoseli\/wp-content\/uploads\/sites\/11\/2018\/06\/PHOTO-2018-05-27-18-12-56-2-383x250.jpg\" alt=\"\"\/><div class=\"qg-overlay\"><span class=\"icon-circle\"><span class=\"pg-icon lightbox-icon\"><\/span><\/span><\/div><\/a><\/div><div class=\"qg-img qg-no-title\" data-defwidth=\"383\"><a href=\"http:\/\/grupomasbtl.com.mx\/grupojoseli\/wp-content\/uploads\/sites\/11\/2018\/06\/PHOTO-2018-05-27-18-15-44.jpg\" data-rel=\"lightbox[group-26471]\" title=\"\" ><img src=\"http:\/\/grupomasbtl.com.mx\/grupojoseli\/wp-content\/uploads\/sites\/11\/2018\/06\/PHOTO-2018-05-27-18-15-44-383x250.jpg\" alt=\"\"\/><div class=\"qg-overlay\"><span class=\"icon-circle\"><span class=\"pg-icon lightbox-icon\"><\/span><\/span><\/div><\/a><\/div><div class=\"qg-img qg-no-title\" data-defwidth=\"383\"><a href=\"http:\/\/grupomasbtl.com.mx\/grupojoseli\/wp-content\/uploads\/sites\/11\/2018\/06\/PHOTO-2018-05-27-18-28-50.jpg\" data-rel=\"lightbox[group-26471]\" title=\"\" ><img src=\"http:\/\/grupomasbtl.com.mx\/grupojoseli\/wp-content\/uploads\/sites\/11\/2018\/06\/PHOTO-2018-05-27-18-28-50-383x250.jpg\" alt=\"\"\/><div class=\"qg-overlay\"><span class=\"icon-circle\"><span class=\"pg-icon lightbox-icon\"><\/span><\/span><\/div><\/a><\/div><div class=\"qg-img qg-no-title\" data-defwidth=\"383\"><a href=\"http:\/\/grupomasbtl.com.mx\/grupojoseli\/wp-content\/uploads\/sites\/11\/2018\/06\/PHOTO-2018-05-30-15-45-37.jpg\" data-rel=\"lightbox[group-26471]\" title=\"\" ><img src=\"http:\/\/grupomasbtl.com.mx\/grupojoseli\/wp-content\/uploads\/sites\/11\/2018\/06\/PHOTO-2018-05-30-15-45-37-383x250.jpg\" alt=\"\"\/><div class=\"qg-overlay\"><span class=\"icon-circle\"><span class=\"pg-icon lightbox-icon\"><\/span><\/span><\/div><\/a><\/div><div class=\"qg-img qg-no-title\" data-defwidth=\"383\"><a href=\"http:\/\/grupomasbtl.com.mx\/grupojoseli\/wp-content\/uploads\/sites\/11\/2018\/06\/PHOTO-2018-05-27-18-12-50-2.jpg\" data-rel=\"lightbox[group-26471]\" title=\"\" ><img src=\"http:\/\/grupomasbtl.com.mx\/grupojoseli\/wp-content\/uploads\/sites\/11\/2018\/06\/PHOTO-2018-05-27-18-12-50-2-383x250.jpg\" alt=\"\"\/><div class=\"qg-overlay\"><span class=\"icon-circle\"><span class=\"pg-icon lightbox-icon\"><\/span><\/span><\/div><\/a><\/div><div class=\"qg-img qg-no-title\" data-defwidth=\"383\"><a href=\"http:\/\/grupomasbtl.com.mx\/grupojoseli\/wp-content\/uploads\/sites\/11\/2018\/06\/PHOTO-2018-05-27-18-12-54.jpg\" data-rel=\"lightbox[group-26471]\" title=\"\" ><img src=\"http:\/\/grupomasbtl.com.mx\/grupojoseli\/wp-content\/uploads\/sites\/11\/2018\/06\/PHOTO-2018-05-27-18-12-54-383x250.jpg\" alt=\"\"\/><div class=\"qg-overlay\"><span class=\"icon-circle\"><span class=\"pg-icon lightbox-icon\"><\/span><\/span><\/div><\/a><\/div><div class=\"clear\"><\/div><\/div>\n<!--[if lt IE 9]><script>document.createElement('video');<\/script><![endif]-->\n\t<div class=\"wp-playlist wp-video-playlist wp-playlist-light\">\n\t\t<video controls=\"controls\" preload=\"none\" width=\"1148\"\n\t\t height=\"631\"\t><\/video>\n\t<div class=\"wp-playlist-next\"><\/div>\n\t<div class=\"wp-playlist-prev\"><\/div>\n\t<noscript>\n\t<ol>\n\t\t<li><a href='http:\/\/grupomasbtl.com.mx\/grupojoseli\/wp-content\/uploads\/sites\/11\/2018\/06\/VIDEO-2018-05-27-18-28-38.mp4'>VIDEO-2018-05-27-18-28-38<\/a><\/li><li><a href='http:\/\/grupomasbtl.com.mx\/grupojoseli\/wp-content\/uploads\/sites\/11\/2018\/06\/VIDEO-2018-05-27-18-28-40.mp4'>VIDEO-2018-05-27-18-28-40<\/a><\/li><li><a href='http:\/\/grupomasbtl.com.mx\/grupojoseli\/wp-content\/uploads\/sites\/11\/2018\/06\/VIDEO-2018-05-30-15-45-36-2.mp4'>VIDEO-2018-05-30-15-45-36 2<\/a><\/li>\t<\/ol>\n\t<\/noscript>\n\t<script type=\"application\/json\" class=\"wp-playlist-script\">{\"type\":\"video\",\"tracklist\":true,\"tracknumbers\":true,\"images\":true,\"artists\":true,\"tracks\":[{\"src\":\"http:\\\/\\\/grupomasbtl.com.mx\\\/grupojoseli\\\/wp-content\\\/uploads\\\/sites\\\/11\\\/2018\\\/06\\\/VIDEO-2018-05-27-18-28-38.mp4\",\"type\":\"video\\\/mp4\",\"title\":\"VIDEO-2018-05-27-18-28-38\",\"caption\":\"\",\"description\":\"\",\"meta\":{\"length_formatted\":\"0:20\"},\"dimensions\":{\"original\":{\"width\":640,\"height\":352},\"resized\":{\"width\":1148,\"height\":631}},\"image\":{\"src\":\"http:\\\/\\\/grupomasbtl.com.mx\\\/grupojoseli\\\/wp-includes\\\/images\\\/media\\\/video.png\",\"width\":48,\"height\":64},\"thumb\":{\"src\":\"http:\\\/\\\/grupomasbtl.com.mx\\\/grupojoseli\\\/wp-includes\\\/images\\\/media\\\/video.png\",\"width\":48,\"height\":64}},{\"src\":\"http:\\\/\\\/grupomasbtl.com.mx\\\/grupojoseli\\\/wp-content\\\/uploads\\\/sites\\\/11\\\/2018\\\/06\\\/VIDEO-2018-05-27-18-28-40.mp4\",\"type\":\"video\\\/mp4\",\"title\":\"VIDEO-2018-05-27-18-28-40\",\"caption\":\"\",\"description\":\"\",\"meta\":{\"length_formatted\":\"0:16\"},\"dimensions\":{\"original\":{\"width\":800,\"height\":450},\"resized\":{\"width\":1148,\"height\":646}},\"image\":{\"src\":\"http:\\\/\\\/grupomasbtl.com.mx\\\/grupojoseli\\\/wp-includes\\\/images\\\/media\\\/video.png\",\"width\":48,\"height\":64},\"thumb\":{\"src\":\"http:\\\/\\\/grupomasbtl.com.mx\\\/grupojoseli\\\/wp-includes\\\/images\\\/media\\\/video.png\",\"width\":48,\"height\":64}},{\"src\":\"http:\\\/\\\/grupomasbtl.com.mx\\\/grupojoseli\\\/wp-content\\\/uploads\\\/sites\\\/11\\\/2018\\\/06\\\/VIDEO-2018-05-30-15-45-36-2.mp4\",\"type\":\"video\\\/mp4\",\"title\":\"VIDEO-2018-05-30-15-45-36 2\",\"caption\":\"\",\"description\":\"\",\"meta\":{\"length_formatted\":\"0:57\"},\"dimensions\":{\"original\":{\"width\":640,\"height\":352},\"resized\":{\"width\":1148,\"height\":631}},\"image\":{\"src\":\"http:\\\/\\\/grupomasbtl.com.mx\\\/grupojoseli\\\/wp-includes\\\/images\\\/media\\\/video.png\",\"width\":48,\"height\":64},\"thumb\":{\"src\":\"http:\\\/\\\/grupomasbtl.com.mx\\\/grupojoseli\\\/wp-includes\\\/images\\\/media\\\/video.png\",\"width\":48,\"height\":64}}]}<\/script>\n<\/div>\n\t\n<h3><a href=\"http:\/\/grupomasbtl.com.mx\/grupojoseli\/contact-2\/#\">Fruticola Vedsa<\/a><\/h3>\n<p><img decoding=\"async\" loading=\"lazy\" class=\"wp-image-2635 alignleft\" src=\"http:\/\/grupomasbtl.com.mx\/grupojoseli\/wp-content\/uploads\/sites\/11\/2018\/06\/APEAM-USDA-CEMICH-SAGARPA.png\" alt=\"\" width=\"296\" height=\"187\" srcset=\"http:\/\/grupomasbtl.com.mx\/grupojoseli\/wp-content\/uploads\/sites\/11\/2018\/06\/APEAM-USDA-CEMICH-SAGARPA.png 973w, http:\/\/grupomasbtl.com.mx\/grupojoseli\/wp-content\/uploads\/sites\/11\/2018\/06\/APEAM-USDA-CEMICH-SAGARPA-300x190.png 300w, http:\/\/grupomasbtl.com.mx\/grupojoseli\/wp-content\/uploads\/sites\/11\/2018\/06\/APEAM-USDA-CEMICH-SAGARPA-768x485.png 768w\" sizes=\"(max-width: 296px) 100vw, 296px\" \/><\/p>\n<p>&nbsp;<\/p>\n<p>Somos uno de los principales productores y maquinadores de Mango en Sinaloa, contamos con la experiencia e infraestructura para cumplir en tiempo y forma con todos nuestros pedidos dentro y fuera del pa\u00eds.<\/p>\n<p style=\"text-align: left\">Carr. Estatal Libre a Chametla S\/N Entrada a Emiliano Zapata El Rosario, Sinaloa (333) 808-6029 gerencia@fruticolavedsa.com<\/p>\n","protected":false},"excerpt":{"rendered":"<p>LO QUE HACEMOS. &nbsp; &nbsp; Fruticola Vedsa &nbsp; Somos uno de los principales productores y maquinadores de Mango en Sinaloa, [&hellip;]<\/p>\n","protected":false},"author":2,"featured_media":0,"parent":0,"menu_order":0,"comment_status":"closed","ping_status":"closed","template":"","meta":[],"_links":{"self":[{"href":"http:\/\/grupomasbtl.com.mx\/grupojoseli\/wp-json\/wp\/v2\/pages\/2647"}],"collection":[{"href":"http:\/\/grupomasbtl.com.mx\/grupojoseli\/wp-json\/wp\/v2\/pages"}],"about":[{"href":"http:\/\/grupomasbtl.com.mx\/grupojoseli\/wp-json\/wp\/v2\/types\/page"}],"author":[{"embeddable":true,"href":"http:\/\/grupomasbtl.com.mx\/grupojoseli\/wp-json\/wp\/v2\/users\/2"}],"replies":[{"embeddable":true,"href":"http:\/\/grupomasbtl.com.mx\/grupojoseli\/wp-json\/wp\/v2\/comments?post=2647"}],"version-history":[{"count":8,"href":"http:\/\/grupomasbtl.com.mx\/grupojoseli\/wp-json\/wp\/v2\/pages\/2647\/revisions"}],"predecessor-version":[{"id":2695,"href":"http:\/\/grupomasbtl.com.mx\/grupojoseli\/wp-json\/wp\/v2\/pages\/2647\/revisions\/2695"}],"wp:attachment":[{"href":"http:\/\/grupomasbtl.com.mx\/grupojoseli\/wp-json\/wp\/v2\/media?parent=2647"}],"curies":[{"name":"wp","href":"https:\/\/api.w.org\/{rel}","templated":true}]}}